{"id":1257,"date":"2017-07-10T10:02:54","date_gmt":"2017-07-10T08:02:54","guid":{"rendered":"http:\/\/www.mittlereniers.de\/wp\/?page_id=1257"},"modified":"2017-07-10T10:47:56","modified_gmt":"2017-07-10T08:47:56","slug":"historisches-wehr","status":"publish","type":"page","link":"http:\/\/www.mittlereniers.de\/wp\/aufgabenbereiche\/anlagen\/historisches-wehr\/","title":{"rendered":"Historisches Wehr"},"content":{"rendered":"<h2>Historisches<\/h2>\n<p>Der Verband wurde 1856 von Friedrich Wilhelm, K\u00f6nig von Preu\u00dfen, als \u201eGenossenschaft f\u00fcr die Melioration der Niers- und Nordkanalniederung\u201c gegr\u00fcndet. Das Verbandsgebiet umfasste damals nicht nur unser heutiges Verbandsgebiet, sondern auch noch das Gebiet des heutigen \u201eWasser- und Bodenverbandes Nordkanal\u201c und Teile des heutigen Netteverban-des.<\/p>\n<figure id=\"attachment_1259\" aria-describedby=\"caption-attachment-1259\" style=\"width: 801px\" class=\"wp-caption alignnone\"><a href=\"http:\/\/www.mittlereniers.de\/wp\/wp-content\/uploads\/2017\/07\/1856.06.16_Gr\u00fcndungsurkunde.jpg\"><img decoding=\"async\" loading=\"lazy\" class=\"size-large wp-image-1259\" src=\"http:\/\/www.mittlereniers.de\/wp\/wp-content\/uploads\/2017\/07\/1856.06.16_Gr\u00fcndungsurkunde-801x1024.jpg\" alt=\"Gr\u00fcndungsurkunde von 1856\" width=\"801\" height=\"1024\" srcset=\"http:\/\/www.mittlereniers.de\/wp\/wp-content\/uploads\/2017\/07\/1856.06.16_Gr\u00fcndungsurkunde-801x1024.jpg 801w, http:\/\/www.mittlereniers.de\/wp\/wp-content\/uploads\/2017\/07\/1856.06.16_Gr\u00fcndungsurkunde-235x300.jpg 235w, http:\/\/www.mittlereniers.de\/wp\/wp-content\/uploads\/2017\/07\/1856.06.16_Gr\u00fcndungsurkunde.jpg 835w\" sizes=\"(max-width: 801px) 100vw, 801px\" \/><\/a><figcaption id=\"caption-attachment-1259\" class=\"wp-caption-text\">Gr\u00fcndungsurkunde von 1856<\/figcaption><\/figure>\n<p>Aus \u00a7 1 des Gr\u00fcndungsstatuts kann man schon den Hintergrund der Gr\u00fcndung erkennen: Das Gebiet der beiden heutigen Verb\u00e4nde war gro\u00dffl\u00e4chig versumpft und vern\u00e4sst, erschwerte die Bodenbearbeitung und die wirtschaftliche, vor allem landwirtschaftliche Nutzung. Noch heute ist dies vielerorts an Namensteilen von Stra\u00dfen, H\u00e4usern oder Gebieten erkennbar. So bedeutet \u201eBroich\u201c Bruch, Bruchwald, Auwald und \u201eDonk\u201c ist ein sandiger Erdr\u00fccken, der sich 1 &#8211; 2 m aus sumpfigem Umland erhebt.<\/p>\n<h2>Wasserwirtschaftliche Problemlage<\/h2>\n<p>Das Hauptproblem des Gel\u00e4ndes am Niederrhein war und ist das geringe Gef\u00e4lle. Es betr\u00e4gt gerade 0,05 %. Hinzu kamen und kommen die hohen Grundwasserst\u00e4nde, die dazu gef\u00fchrt haben, dass sich in den Niederungsgebieten der Gew\u00e4sser oft Moore und sumpfartige Fl\u00e4chen ausbildeten, die nicht wirtschaftlich nutzbar waren. Die vielen Wasserm\u00fchlen am Niederrhein verst\u00e4rkten das Problem noch. Um immer ausreichend Wasser zu haben, wurden die Gew\u00e4sser, die die insgesamt 37 M\u00fchlen speisten, eingedeicht und die M\u00fchlenstaue vergr\u00f6\u00dfert. Dies verursachte einen R\u00fcckstau des Wassers in den Oberlauf des Gew\u00e4ssers, der schnell zu \u00dcberschwemmungen f\u00fchrte. Die beiden zu Haus Caen geh\u00f6renden M\u00fchlen verursachten einen solchen R\u00fcckstau und eine damit einhergehende Vern\u00e4ssung der L\u00e4ndereien, dass Wachtendonker Bauern noch in den 1850er Jahren Eigeninitiative ergriffen und Schleusen an der Niers zerst\u00f6rten, um den R\u00fcckstau aufzul\u00f6sen.<\/p>\n<figure id=\"attachment_1258\" aria-describedby=\"caption-attachment-1258\" style=\"width: 843px\" class=\"wp-caption alignnone\"><a href=\"http:\/\/www.mittlereniers.de\/wp\/wp-content\/uploads\/2017\/07\/Abb.-02-Zeichnung-Haus-Caen.jpg\"><img decoding=\"async\" loading=\"lazy\" class=\"size-full wp-image-1258\" src=\"http:\/\/www.mittlereniers.de\/wp\/wp-content\/uploads\/2017\/07\/Abb.-02-Zeichnung-Haus-Caen.jpg\" alt=\"Michael Buyx (1795-1882)\" width=\"843\" height=\"687\" srcset=\"http:\/\/www.mittlereniers.de\/wp\/wp-content\/uploads\/2017\/07\/Abb.-02-Zeichnung-Haus-Caen.jpg 843w, http:\/\/www.mittlereniers.de\/wp\/wp-content\/uploads\/2017\/07\/Abb.-02-Zeichnung-Haus-Caen-300x244.jpg 300w\" sizes=\"(max-width: 843px) 100vw, 843px\" \/><\/a><figcaption id=\"caption-attachment-1258\" class=\"wp-caption-text\">Michael Buyx (1795-1882)<\/figcaption><\/figure>\n<h2>Zweck des Wehres<\/h2>\n<p>Das Historische Wehr war eine Anlage, die mit der Gr\u00fcndung des Verbandes errichtet wurde. Sie sollte &#8211; zusammen mit verschiedenen anderen Ma\u00dfnahmen &#8211; helfen, die Probleme zu l\u00f6sen.<\/p>\n<figure id=\"attachment_1261\" aria-describedby=\"caption-attachment-1261\" style=\"width: 604px\" class=\"wp-caption alignnone\"><a href=\"http:\/\/www.mittlereniers.de\/wp\/wp-content\/uploads\/2017\/07\/2017.07.10_Lufbild.jpg\"><img decoding=\"async\" loading=\"lazy\" class=\"wp-image-1261 size-large\" src=\"http:\/\/www.mittlereniers.de\/wp\/wp-content\/uploads\/2017\/07\/2017.07.10_Lufbild-604x1024.jpg\" alt=\"Luftbild &quot;Insel&quot; an der Neersdommer M\u00fchle\" width=\"604\" height=\"1024\" srcset=\"http:\/\/www.mittlereniers.de\/wp\/wp-content\/uploads\/2017\/07\/2017.07.10_Lufbild-604x1024.jpg 604w, http:\/\/www.mittlereniers.de\/wp\/wp-content\/uploads\/2017\/07\/2017.07.10_Lufbild-177x300.jpg 177w, http:\/\/www.mittlereniers.de\/wp\/wp-content\/uploads\/2017\/07\/2017.07.10_Lufbild.jpg 1135w\" sizes=\"(max-width: 604px) 100vw, 604px\" \/><\/a><figcaption id=\"caption-attachment-1261\" class=\"wp-caption-text\">Luftbild &#8222;Insel&#8220; an der Neersdommer M\u00fchle<\/figcaption><\/figure>\n<p>Mit der Errichtung des Wehres wurde es m\u00f6glich, bei hohen Wasserst\u00e4nden das Wasser parallel zur Niers abzuf\u00fchren, ohne dass der an der Niers liegenden Neersdommer M\u00fchle das f\u00fcr den M\u00fchlbetrieb erforderliche Wasser fehlte. In Trockenzeiten wurde das Wehr geschlossen, damit der M\u00fchle ausreichend Wasser zugef\u00fchrt wurde. Der M\u00fchlbetrieb wurde 1927 endg\u00fcltig eingestellt.<\/p>\n<figure id=\"attachment_837\" aria-describedby=\"caption-attachment-837\" style=\"width: 1024px\" class=\"wp-caption alignnone\"><a href=\"http:\/\/www.mittlereniers.de\/wp\/wp-content\/uploads\/2016\/06\/2016.06.01_Historisches-Wehr-01.jpg\"><img decoding=\"async\" loading=\"lazy\" class=\"size-large wp-image-837\" src=\"http:\/\/www.mittlereniers.de\/wp\/wp-content\/uploads\/2016\/06\/2016.06.01_Historisches-Wehr-01-1024x768.jpg\" alt=\"Historisches Wehr\" width=\"1024\" height=\"768\" srcset=\"http:\/\/www.mittlereniers.de\/wp\/wp-content\/uploads\/2016\/06\/2016.06.01_Historisches-Wehr-01-1024x768.jpg 1024w, http:\/\/www.mittlereniers.de\/wp\/wp-content\/uploads\/2016\/06\/2016.06.01_Historisches-Wehr-01-300x225.jpg 300w, http:\/\/www.mittlereniers.de\/wp\/wp-content\/uploads\/2016\/06\/2016.06.01_Historisches-Wehr-01-1260x945.jpg 1260w\" sizes=\"(max-width: 1024px) 100vw, 1024px\" \/><\/a><figcaption id=\"caption-attachment-837\" class=\"wp-caption-text\">Historisches Wehr<\/figcaption><\/figure>\n<p>&nbsp;<\/p>\n<p>&nbsp;<\/p>\n<p>&nbsp;<\/p>\n<p>&nbsp;<\/p>\n","protected":false},"excerpt":{"rendered":"<p>Historisches Der Verband wurde 1856 von Friedrich Wilhelm, K\u00f6nig von Preu\u00dfen, als \u201eGenossenschaft f\u00fcr die Melioration der Niers- und Nordkanalniederung\u201c gegr\u00fcndet. Das Verbandsgebiet umfasste damals nicht nur unser heutiges Verbandsgebiet, sondern auch noch das Gebiet des heutigen \u201eWasser- und Bodenverbandes Nordkanal\u201c und Teile des heutigen Netteverban-des. Aus \u00a7 1 des Gr\u00fcndungsstatuts kann man schon den&hellip; <\/p>\n<p class=\"toivo-read-more\"><a href=\"http:\/\/www.mittlereniers.de\/wp\/aufgabenbereiche\/anlagen\/historisches-wehr\/\" class=\"more-link\">Lesen Sie mehr <span class=\"screen-reader-text\">Historisches Wehr<\/span><\/a><\/p>\n","protected":false},"author":8,"featured_media":1262,"parent":1253,"menu_order":0,"comment_status":"closed","ping_status":"closed","template":"","meta":[],"_links":{"self":[{"href":"http:\/\/www.mittlereniers.de\/wp\/wp-json\/wp\/v2\/pages\/1257"}],"collection":[{"href":"http:\/\/www.mittlereniers.de\/wp\/wp-json\/wp\/v2\/pages"}],"about":[{"href":"http:\/\/www.mittlereniers.de\/wp\/wp-json\/wp\/v2\/types\/page"}],"author":[{"embeddable":true,"href":"http:\/\/www.mittlereniers.de\/wp\/wp-json\/wp\/v2\/users\/8"}],"replies":[{"embeddable":true,"href":"http:\/\/www.mittlereniers.de\/wp\/wp-json\/wp\/v2\/comments?post=1257"}],"version-history":[{"count":2,"href":"http:\/\/www.mittlereniers.de\/wp\/wp-json\/wp\/v2\/pages\/1257\/revisions"}],"predecessor-version":[{"id":1264,"href":"http:\/\/www.mittlereniers.de\/wp\/wp-json\/wp\/v2\/pages\/1257\/revisions\/1264"}],"up":[{"embeddable":true,"href":"http:\/\/www.mittlereniers.de\/wp\/wp-json\/wp\/v2\/pages\/1253"}],"wp:featuredmedia":[{"embeddable":true,"href":"http:\/\/www.mittlereniers.de\/wp\/wp-json\/wp\/v2\/media\/1262"}],"wp:attachment":[{"href":"http:\/\/www.mittlereniers.de\/wp\/wp-json\/wp\/v2\/media?parent=1257"}],"curies":[{"name":"wp","href":"https:\/\/api.w.org\/{rel}","templated":true}]}}