{"id":46,"date":"2015-10-28T11:10:25","date_gmt":"2015-10-28T10:10:25","guid":{"rendered":"http:\/\/www.mittlereniers.de\/wp\/?page_id=46"},"modified":"2017-10-02T22:06:10","modified_gmt":"2017-10-02T20:06:10","slug":"projekte","status":"publish","type":"page","link":"http:\/\/www.mittlereniers.de\/wp\/projekte\/","title":{"rendered":"Projekte &#038; Aktionen"},"content":{"rendered":"<p>&nbsp;<\/p>\n<p class=\"size-large wp-image-272\">Wir haben im Rahmen der geltenden Gesetze die Aufgabe, die Unterhaltung und den Ausbau der von uns zu unterhaltenden und auszubauenden Gew\u00e4sser so zu gestalten, dass diese die Ziele des <a href=\"http:\/\/www.gesetze-im-internet.de\/whg_2009\/\" target=\"_blank\">WHG<\/a> erreichen. Da es sich bei unseren Gew\u00e4ssern ausnahmslos um k\u00fcnstliche oder erheblich ver\u00e4nderte Gew\u00e4sser handelt, m\u00fcssen diese so unterhalten und ausgebaut werden, dass ein gutes \u00f6kologisches und chemische Potential\u00a0 erreicht wird (<a href=\"http:\/\/www.gesetze-im-internet.de\/whg_2009\/__27.html\" target=\"_blank\">\u00a7 27 Abs. 2 WHG<\/a>). <a href=\"http:\/\/www.flussgebiete.nrw.de\/index.php\/Glossar:%C3%96kologisches_Potential\" target=\"_blank\">Das G\u00d6P (=Gutes \u00f6kologisches Potential) bezeichnet den \u00f6kologischen Zustand, der erreichbar ist, wenn alle Ma\u00dfnahmen durchgef\u00fchrt wurden, die ohne signifikant negative Einschr\u00e4nkungen der am Gew\u00e4sser bestehenden und die k\u00fcnstlichen bzw. erheblich ver\u00e4nderten Eigenschaften verursachenden Nutzungen durchf\u00fchrbar sind.<\/a> Dies bedeutet konkret, dass ein Gew\u00e4sser dann ein gutes \u00f6kologisches Potential erreicht hat, wenn an dem jeweiligen Gew\u00e4sser alle diejenigen Ma\u00dfnahmen umgesetzt wurden, die unter Ber\u00fccksichtigung der an das Gew\u00e4sser herangetragenen Nutzungen (Landwirtschaft, Bebauung, Freizeitnutzung, Entw\u00e4sserung angrenzender Fl\u00e4chen) durchf\u00fchrbar sind und zu einem besseren \u00f6kologischen Zustand f\u00fchren.<\/p>\n<p>Um dies zu erreichen, m\u00fcssen viele der vorhandenen Gew\u00e4sser ganz oder teilweise ausgebaut bzw. umgebaut werden. Sowohl im Rahmen der Gew\u00e4sserunterhaltung als auch im Rahmen von Gew\u00e4sserausbauma\u00dfnahmen sind dazu in den n\u00e4chsten Jahren eine Vielzahl von kleinen und gr\u00f6\u00dferen Ma\u00dfnahmen durchzuf\u00fchren.<\/p>\n<figure id=\"attachment_272\" aria-describedby=\"caption-attachment-272\" style=\"width: 1024px\" class=\"wp-caption alignleft\"><a href=\"http:\/\/www.mittlereniers.de\/wp\/wp-content\/uploads\/2015\/10\/Projekte_Abb_01.jpg\"><img decoding=\"async\" loading=\"lazy\" class=\"size-large wp-image-272\" src=\"http:\/\/www.mittlereniers.de\/wp\/wp-content\/uploads\/2015\/10\/Projekte_Abb_01-1024x991.jpg\" alt=\"Konkret f\u00fcr die n\u00e4chsten Jahre geplante Ma\u00dfnahmen im Verbandsgebiet\" width=\"1024\" height=\"991\" srcset=\"http:\/\/www.mittlereniers.de\/wp\/wp-content\/uploads\/2015\/10\/Projekte_Abb_01-1024x991.jpg 1024w, http:\/\/www.mittlereniers.de\/wp\/wp-content\/uploads\/2015\/10\/Projekte_Abb_01-300x290.jpg 300w, http:\/\/www.mittlereniers.de\/wp\/wp-content\/uploads\/2015\/10\/Projekte_Abb_01-1260x1220.jpg 1260w, http:\/\/www.mittlereniers.de\/wp\/wp-content\/uploads\/2015\/10\/Projekte_Abb_01.jpg 1935w\" sizes=\"(max-width: 1024px) 100vw, 1024px\" \/><\/a><figcaption id=\"caption-attachment-272\" class=\"wp-caption-text\">Konkret f\u00fcr die n\u00e4chsten Jahre geplante oder bereits umgesetzte Ma\u00dfnahmen im Verbandsgebiet<\/figcaption><\/figure>\n<p>Gleichzeitig versuchen wir im Rahmen der ohnehin erforderlichen Ausbauma\u00dfnahmen auch das Hochwasserrisiko zu senken. Weitergehende Informationen zu den Hochwasserrisiken erhalten Sie auf der vom Land NRW betriebenen Seite <a href=\"http:\/\/www.flussgebiete.nrw.de\/\" target=\"_blank\">http:\/\/www.flussgebiete.nrw.de\/<\/a>. Dort k\u00f6nnen Sie auch die jeweils aktuellen <a href=\"http:\/\/www.flussgebiete.nrw.de\/index.php\/HWRMRL\/Gebietsansicht\/TEZG_Maas_Nord\" target=\"_blank\">Hochwassergefahrenkarten<\/a> herunterladen.<\/p>\n<p>Ein Beispiel daf\u00fcr, dass Hochwasserrisikominimierung und \u00f6kologischer Umbau der Gew\u00e4sser Hand in Hand gehen k\u00f6nnen, ist die Anlegung von Auen. Die urspr\u00fcnglichen niederrheinischen Gew\u00e4sser waren solche, die in Auen entsprangen und von dort das ganze Jahr \u00fcber mit Wasser versorgt wurden. Auen wiesen hohe Grundwasserst\u00e4nde und damit wechselnde Wasserst\u00e4nde auf. Sie waren in der Lage kurzfristig gro\u00dfe Wassermengen zu speichern und diese Wassermengen langsam wieder abzugeben. Der Verlust dieser Auen und damit der Wegfall von Retentionsraum erh\u00f6ht das Hochwasserrisiko und die Sch\u00e4den, die durch Hochwasser verursacht werden. Die Neuschaffung von Auen (Prim\u00e4r- oder Sekund\u00e4rauen) f\u00fchrt zu einer Ann\u00e4herung der Gew\u00e4sser an ihren nat\u00fcrlichen Zustand und damit zu einer \u00f6kologischen Verbesserung der Gew\u00e4sser. Gleichzeitig werden Hochwasserwellen zeitlich gestreckt, Wasser kann zwischengespeichert werden und das Hochwasser und die damit zusammenh\u00e4ngenden Sch\u00e4den werden reduziert.<\/p>\n<figure id=\"attachment_318\" aria-describedby=\"caption-attachment-318\" style=\"width: 1024px\" class=\"wp-caption alignnone\"><a href=\"http:\/\/www.mittlereniers.de\/wp\/wp-content\/uploads\/2015\/10\/Projekte_Abb_02_Auwald_Wachtendonk.jpg\"><img decoding=\"async\" loading=\"lazy\" class=\"wp-image-318 size-large\" src=\"http:\/\/www.mittlereniers.de\/wp\/wp-content\/uploads\/2015\/10\/Projekte_Abb_02_Auwald_Wachtendonk-1024x768.jpg\" alt=\"Schwarzerlenauwald in Wachtendonk\" width=\"1024\" height=\"768\" srcset=\"http:\/\/www.mittlereniers.de\/wp\/wp-content\/uploads\/2015\/10\/Projekte_Abb_02_Auwald_Wachtendonk-1024x768.jpg 1024w, http:\/\/www.mittlereniers.de\/wp\/wp-content\/uploads\/2015\/10\/Projekte_Abb_02_Auwald_Wachtendonk-300x225.jpg 300w, http:\/\/www.mittlereniers.de\/wp\/wp-content\/uploads\/2015\/10\/Projekte_Abb_02_Auwald_Wachtendonk-1260x945.jpg 1260w\" sizes=\"(max-width: 1024px) 100vw, 1024px\" \/><\/a><figcaption id=\"caption-attachment-318\" class=\"wp-caption-text\">Schwarzerlenauwald in Wachtendonk<\/figcaption><\/figure>\n<p>So wie in den letzten Jahrzehnten der Mensch durch viele kleine Eingriffe in die Natur, die Gew\u00e4sser begradigt und Hochwasserrisiken erh\u00f6ht hat, muss er dies nun mit vielen kleinen Ma\u00dfnahmen mit hohen Kosten\u00a0r\u00fcckg\u00e4ngig machen. Die Schaffung jedes noch so kleinen Retentionsraumes ist auf Dauer und in der Summe ein Beitrag f\u00fcr die Natur und zum Schutz gegen Hochwasser, auch wenn die Wirkung jeder einzelnen Ma\u00dfnahme vielleicht nicht messbar ist.<\/p>\n<p>Der Verband hat inzwischen an den folgenden Gew\u00e4ssern Projekte umgesetzt bzw. die Genehmigung vorliegen:<\/p>\n<ul>\n<li><a href=\"http:\/\/www.mittlereniers.de\/wp\/tag\/06-04\/\">06.04<\/a><\/li>\n<li><a href=\"http:\/\/www.mittlereniers.de\/wp\/tag\/zweigkanal\/\">16.00 (Zweigkanal)<\/a><\/li>\n<li><a href=\"http:\/\/www.mittlereniers.de\/wp\/projekte\/2015-2\/ausgleichsmassnahme-cloerbruch-gewaesser-32-01-07\/\">32.01.07<\/a><\/li>\n<li><a href=\"http:\/\/www.mittlereniers.de\/wp\/tag\/cloer\/\">38.00 (Cloer)<\/a><\/li>\n<li>16.04 (Willicher Fleuth)<\/li>\n<\/ul>\n","protected":false},"excerpt":{"rendered":"<p>&nbsp; Wir haben im Rahmen der geltenden Gesetze die Aufgabe, die Unterhaltung und den Ausbau der von uns zu unterhaltenden und auszubauenden Gew\u00e4sser so zu gestalten, dass diese die Ziele des WHG erreichen. Da es sich bei unseren Gew\u00e4ssern ausnahmslos um k\u00fcnstliche oder erheblich ver\u00e4nderte Gew\u00e4sser handelt, m\u00fcssen diese so unterhalten und ausgebaut werden, dass&hellip; <\/p>\n<p class=\"toivo-read-more\"><a href=\"http:\/\/www.mittlereniers.de\/wp\/projekte\/\" class=\"more-link\">Lesen Sie mehr <span class=\"screen-reader-text\">Projekte &#038; Aktionen<\/span><\/a><\/p>\n","protected":false},"author":8,"featured_media":0,"parent":0,"menu_order":0,"comment_status":"closed","ping_status":"closed","template":"","meta":[],"_links":{"self":[{"href":"http:\/\/www.mittlereniers.de\/wp\/wp-json\/wp\/v2\/pages\/46"}],"collection":[{"href":"http:\/\/www.mittlereniers.de\/wp\/wp-json\/wp\/v2\/pages"}],"about":[{"href":"http:\/\/www.mittlereniers.de\/wp\/wp-json\/wp\/v2\/types\/page"}],"author":[{"embeddable":true,"href":"http:\/\/www.mittlereniers.de\/wp\/wp-json\/wp\/v2\/users\/8"}],"replies":[{"embeddable":true,"href":"http:\/\/www.mittlereniers.de\/wp\/wp-json\/wp\/v2\/comments?post=46"}],"version-history":[{"count":15,"href":"http:\/\/www.mittlereniers.de\/wp\/wp-json\/wp\/v2\/pages\/46\/revisions"}],"predecessor-version":[{"id":1398,"href":"http:\/\/www.mittlereniers.de\/wp\/wp-json\/wp\/v2\/pages\/46\/revisions\/1398"}],"wp:attachment":[{"href":"http:\/\/www.mittlereniers.de\/wp\/wp-json\/wp\/v2\/media?parent=46"}],"curies":[{"name":"wp","href":"https:\/\/api.w.org\/{rel}","templated":true}]}}